{"id":15,"date":"2017-01-20T19:40:23","date_gmt":"2017-01-20T18:40:23","guid":{"rendered":"http:\/\/aefc08.com\/?page_id=15"},"modified":"2018-01-25T22:00:11","modified_gmt":"2018-01-25T21:00:11","slug":"presentation","status":"publish","type":"page","link":"https:\/\/aefc08.com\/index.php\/presentation\/","title":{"rendered":"Association"},"content":{"rendered":"<h2 class=\"font_8\"><strong>Objet de l\u2019association:\u00a0D\u00e9velopper :<\/strong><\/h2>\n<ul>\n<li class=\"font_8\">l\u2019amiti\u00e9 franco-chinoise ;<\/li>\n<li class=\"font_8\">les \u00e9changes culturels entre ressortissants fran\u00e7ais et chinois ;<\/li>\n<li class=\"font_8\">favoriser l\u2019acc\u00e8s \u00e0 l\u2019enseignement des langues des deux pays\u00a0;<\/li>\n<li class=\"font_8\">favoriser l\u2019information sur les connaissances, historiques, philosophiques et g\u00e9ographiques.<\/li>\n<\/ul>\n<h2><strong>Statut de l&rsquo;Association:<\/strong><\/h2>\n<p><a href=\"http:\/\/aefc08.com\/wp-content\/uploads\/2017\/01\/Statut-de-lassociation.pdf\"><em>Statut de l&rsquo;association<\/em><\/a><\/p>\n<h2><strong>Bulletin de l&rsquo;Association (acc\u00e8s membres):<\/strong><\/h2>\n<h2><a href=\"http:\/\/aefc08.com\/index.php\/presentation\/contacts\/\">Page bulletins<\/a><\/h2>\n<h2 class=\"font_8\"><strong>Comment devenir membre de l&rsquo;Association ?<\/strong><\/h2>\n<p class=\"font_8\">Pour devenir membre de l&rsquo;Association AEFC, il vous suffit de remplir le formulaire d&rsquo;adh\u00e9sion et de le retourner accompagn\u00e9 d&rsquo;un ch\u00e8que de 15 \u20ac \u00e0 l&rsquo;adresse suivante : 15 Boulevard Delattre de Tassigny 08200 SEDAN<\/p>\n<p class=\"font_8\"><a href=\"http:\/\/aefc08.com\/wp-content\/uploads\/2018\/01\/Bulletin-d\u2019adh\u00e9sion-en-2018.pdf\">Bulletin d\u2019adh\u00e9sion en 2018<\/a><\/p>\n<div class=\"entry-content\">\n<div id=\"WRchTxt9-1czw\" class=\"s1\" data-reactid=\".0.$SITE_ROOT.$desktop_siteRoot.$PAGES_CONTAINER.1.1.$SITE_PAGES.$c202z.1.$WRchTxt9-1czw\">\n<h6><\/h6>\n<h2 class=\"font_2\"><strong>Contactez-nous !<\/strong><\/h2>\n<p class=\"font_8\">Des questions ou besoin de renseignements ? Contactez-nous via notre adresse mail: <strong>aefc08@gmail.com<\/strong><\/p>\n<\/div>\n<\/div>\n","protected":false},"excerpt":{"rendered":"<p>Objet de l\u2019association:\u00a0D\u00e9velopper : l\u2019amiti\u00e9 franco-chinoise ; les \u00e9changes culturels entre ressortissants fran\u00e7ais et chinois ; favoriser l\u2019acc\u00e8s \u00e0 l\u2019enseignement des langues des deux pays\u00a0; favoriser l\u2019information sur les connaissances, historiques, philosophiques et g\u00e9ographiques. Statut de l&rsquo;Association: Statut de l&rsquo;association Bulletin de l&rsquo;Association (acc\u00e8s membres): Page bulletins Comment devenir membre de l&rsquo;Association ? Pour devenir &hellip; <\/p>\n<p class=\"link-more\"><a href=\"https:\/\/aefc08.com\/index.php\/presentation\/\" class=\"more-link\">Continuer la lecture<span class=\"screen-reader-text\"> de &laquo;&nbsp;Association&nbsp;&raquo;<\/span><\/a><\/p>\n","protected":false},"author":1,"featured_media":0,"parent":0,"menu_order":0,"comment_status":"closed","ping_status":"closed","template":"","meta":[],"_links":{"self":[{"href":"https:\/\/aefc08.com\/index.php\/wp-json\/wp\/v2\/pages\/15"}],"collection":[{"href":"https:\/\/aefc08.com\/index.php\/wp-json\/wp\/v2\/pages"}],"about":[{"href":"https:\/\/aefc08.com\/index.php\/wp-json\/wp\/v2\/types\/page"}],"author":[{"embeddable":true,"href":"https:\/\/aefc08.com\/index.php\/wp-json\/wp\/v2\/users\/1"}],"replies":[{"embeddable":true,"href":"https:\/\/aefc08.com\/index.php\/wp-json\/wp\/v2\/comments?post=15"}],"version-history":[{"count":11,"href":"https:\/\/aefc08.com\/index.php\/wp-json\/wp\/v2\/pages\/15\/revisions"}],"predecessor-version":[{"id":1125,"href":"https:\/\/aefc08.com\/index.php\/wp-json\/wp\/v2\/pages\/15\/revisions\/1125"}],"wp:attachment":[{"href":"https:\/\/aefc08.com\/index.php\/wp-json\/wp\/v2\/media?parent=15"}],"curies":[{"name":"wp","href":"https:\/\/api.w.org\/{rel}","templated":true}]}}